{"id":66,"date":"2023-03-11T12:53:07","date_gmt":"2023-03-11T11:53:07","guid":{"rendered":"http:\/\/lensesfilms.com\/?page_id=66"},"modified":"2025-10-28T08:01:34","modified_gmt":"2025-10-28T07:01:34","slug":"kontakt","status":"publish","type":"page","link":"https:\/\/lensesfilms.com\/en\/kontakt\/","title":{"rendered":"Kontakt"},"content":{"rendered":"","protected":false},"excerpt":{"rendered":"","protected":false},"author":1,"featured_media":0,"parent":0,"menu_order":0,"comment_status":"closed","ping_status":"closed","template":"","meta":{"footnotes":""},"class_list":["post-66","page","type-page","status-publish"],"yoast_head":"<!-- This site is optimized with the Yoast SEO plugin v22.2 - https:\/\/yoast.com\/wordpress\/plugins\/seo\/ -->\n<title>Kontakt | TOP1 Film \u015blubny<\/title>\n<meta name=\"description\" content=\"Tworzymy filmy \u015blubne, w kt\u00f3rych spotykaj\u0105 si\u0119 elegancja, klasyka i naturalno\u015b\u0107. Nasze filmy zachwycaj\u0105 dzi\u015b, a ich pi\u0119kno przetrwa dekady.\" \/>\n<meta name=\"robots\" content=\"index, follow, max-snippet:-1, max-image-preview:large, max-video-preview:-1\" \/>\n<link rel=\"canonical\" href=\"https:\/\/lensesfilms.com\/en\/kontakt\/\" \/>\n<meta property=\"og:locale\" content=\"en_GB\" \/>\n<meta property=\"og:type\" content=\"article\" \/>\n<meta property=\"og:title\" content=\"Kontakt | TOP1 Film \u015blubny\" \/>\n<meta property=\"og:description\" content=\"Tworzymy filmy \u015blubne, w kt\u00f3rych spotykaj\u0105 si\u0119 elegancja, klasyka i naturalno\u015b\u0107. Nasze filmy zachwycaj\u0105 dzi\u015b, a ich pi\u0119kno przetrwa dekady.\" \/>\n<meta property=\"og:url\" content=\"https:\/\/lensesfilms.com\/en\/kontakt\/\" \/>\n<meta property=\"og:site_name\" content=\"Lenses Films\" \/>\n<meta property=\"article:modified_time\" content=\"2025-10-28T07:01:34+00:00\" \/>\n<meta property=\"og:image\" content=\"https:\/\/lensesfilms.com\/wp-content\/uploads\/2024\/11\/yt-4.jpg\" \/>\n\t<meta property=\"og:image:width\" content=\"1920\" \/>\n\t<meta property=\"og:image:height\" content=\"1080\" \/>\n\t<meta property=\"og:image:type\" content=\"image\/jpeg\" \/>\n<meta name=\"twitter:card\" content=\"summary_large_image\" \/>\n<meta name=\"twitter:label1\" content=\"Estimated reading time\" \/>\n\t<meta name=\"twitter:data1\" content=\"1 minute\" \/>\n<script type=\"application\/ld+json\" class=\"yoast-schema-graph\">{\"@context\":\"https:\/\/schema.org\",\"@graph\":[{\"@type\":\"WebPage\",\"@id\":\"https:\/\/lensesfilms.com\/kontakt\/\",\"url\":\"https:\/\/lensesfilms.com\/kontakt\/\",\"name\":\"Kontakt | TOP1 Film \u015blubny\",\"isPartOf\":{\"@id\":\"https:\/\/lensesfilms.com\/#website\"},\"datePublished\":\"2023-03-11T11:53:07+00:00\",\"dateModified\":\"2025-10-28T07:01:34+00:00\",\"description\":\"Tworzymy filmy \u015blubne, w kt\u00f3rych spotykaj\u0105 si\u0119 elegancja, klasyka i naturalno\u015b\u0107. Nasze filmy zachwycaj\u0105 dzi\u015b, a ich pi\u0119kno przetrwa dekady.\",\"breadcrumb\":{\"@id\":\"https:\/\/lensesfilms.com\/kontakt\/#breadcrumb\"},\"inLanguage\":\"en-GB\",\"potentialAction\":[{\"@type\":\"ReadAction\",\"target\":[\"https:\/\/lensesfilms.com\/kontakt\/\"]}]},{\"@type\":\"BreadcrumbList\",\"@id\":\"https:\/\/lensesfilms.com\/kontakt\/#breadcrumb\",\"itemListElement\":[{\"@type\":\"ListItem\",\"position\":1,\"name\":\"Strona g\u0142\u00f3wna\",\"item\":\"https:\/\/lensesfilms.com\/\"},{\"@type\":\"ListItem\",\"position\":2,\"name\":\"Kontakt\"}]},{\"@type\":\"WebSite\",\"@id\":\"https:\/\/lensesfilms.com\/#website\",\"url\":\"https:\/\/lensesfilms.com\/\",\"name\":\"Lenses Films\",\"description\":\"film \u015blubny\",\"potentialAction\":[{\"@type\":\"SearchAction\",\"target\":{\"@type\":\"EntryPoint\",\"urlTemplate\":\"https:\/\/lensesfilms.com\/?s={search_term_string}\"},\"query-input\":\"required name=search_term_string\"}],\"inLanguage\":\"en-GB\"}]}<\/script>\n<!-- \/ Yoast SEO plugin. -->","yoast_head_json":{"title":"Kontakt | TOP1 Film \u015blubny","description":"Tworzymy filmy \u015blubne, w kt\u00f3rych spotykaj\u0105 si\u0119 elegancja, klasyka i naturalno\u015b\u0107. Nasze filmy zachwycaj\u0105 dzi\u015b, a ich pi\u0119kno przetrwa dekady.","robots":{"index":"index","follow":"follow","max-snippet":"max-snippet:-1","max-image-preview":"max-image-preview:large","max-video-preview":"max-video-preview:-1"},"canonical":"https:\/\/lensesfilms.com\/en\/kontakt\/","og_locale":"en_GB","og_type":"article","og_title":"Kontakt | TOP1 Film \u015blubny","og_description":"Tworzymy filmy \u015blubne, w kt\u00f3rych spotykaj\u0105 si\u0119 elegancja, klasyka i naturalno\u015b\u0107. Nasze filmy zachwycaj\u0105 dzi\u015b, a ich pi\u0119kno przetrwa dekady.","og_url":"https:\/\/lensesfilms.com\/en\/kontakt\/","og_site_name":"Lenses Films","article_modified_time":"2025-10-28T07:01:34+00:00","og_image":[{"width":1920,"height":1080,"url":"https:\/\/lensesfilms.com\/wp-content\/uploads\/2024\/11\/yt-4.jpg","type":"image\/jpeg"}],"twitter_card":"summary_large_image","twitter_misc":{"Estimated reading time":"1 minute"},"schema":{"@context":"https:\/\/schema.org","@graph":[{"@type":"WebPage","@id":"https:\/\/lensesfilms.com\/kontakt\/","url":"https:\/\/lensesfilms.com\/kontakt\/","name":"Kontakt | TOP1 Film \u015blubny","isPartOf":{"@id":"https:\/\/lensesfilms.com\/#website"},"datePublished":"2023-03-11T11:53:07+00:00","dateModified":"2025-10-28T07:01:34+00:00","description":"Tworzymy filmy \u015blubne, w kt\u00f3rych spotykaj\u0105 si\u0119 elegancja, klasyka i naturalno\u015b\u0107. Nasze filmy zachwycaj\u0105 dzi\u015b, a ich pi\u0119kno przetrwa dekady.","breadcrumb":{"@id":"https:\/\/lensesfilms.com\/kontakt\/#breadcrumb"},"inLanguage":"en-GB","potentialAction":[{"@type":"ReadAction","target":["https:\/\/lensesfilms.com\/kontakt\/"]}]},{"@type":"BreadcrumbList","@id":"https:\/\/lensesfilms.com\/kontakt\/#breadcrumb","itemListElement":[{"@type":"ListItem","position":1,"name":"Strona g\u0142\u00f3wna","item":"https:\/\/lensesfilms.com\/"},{"@type":"ListItem","position":2,"name":"Kontakt"}]},{"@type":"WebSite","@id":"https:\/\/lensesfilms.com\/#website","url":"https:\/\/lensesfilms.com\/","name":"Lenses Films","description":"film \u015blubny","potentialAction":[{"@type":"SearchAction","target":{"@type":"EntryPoint","urlTemplate":"https:\/\/lensesfilms.com\/?s={search_term_string}"},"query-input":"required name=search_term_string"}],"inLanguage":"en-GB"}]}},"_links":{"self":[{"href":"https:\/\/lensesfilms.com\/en\/wp-json\/wp\/v2\/pages\/66","targetHints":{"allow":["GET"]}}],"collection":[{"href":"https:\/\/lensesfilms.com\/en\/wp-json\/wp\/v2\/pages"}],"about":[{"href":"https:\/\/lensesfilms.com\/en\/wp-json\/wp\/v2\/types\/page"}],"author":[{"embeddable":true,"href":"https:\/\/lensesfilms.com\/en\/wp-json\/wp\/v2\/users\/1"}],"replies":[{"embeddable":true,"href":"https:\/\/lensesfilms.com\/en\/wp-json\/wp\/v2\/comments?post=66"}],"version-history":[{"count":57,"href":"https:\/\/lensesfilms.com\/en\/wp-json\/wp\/v2\/pages\/66\/revisions"}],"predecessor-version":[{"id":1136,"href":"https:\/\/lensesfilms.com\/en\/wp-json\/wp\/v2\/pages\/66\/revisions\/1136"}],"wp:attachment":[{"href":"https:\/\/lensesfilms.com\/en\/wp-json\/wp\/v2\/media?parent=66"}],"curies":[{"name":"wp","href":"https:\/\/api.w.org\/{rel}","templated":true}]}}