{"id":35,"date":"2023-02-27T16:17:13","date_gmt":"2023-02-27T15:17:13","guid":{"rendered":"http:\/\/lensesfilms.com\/?page_id=35"},"modified":"2026-01-15T20:08:14","modified_gmt":"2026-01-15T19:08:14","slug":"start","status":"publish","type":"page","link":"https:\/\/lensesfilms.com\/en\/","title":{"rendered":"Lenses Films"},"content":{"rendered":"","protected":false},"excerpt":{"rendered":"","protected":false},"author":1,"featured_media":0,"parent":0,"menu_order":0,"comment_status":"closed","ping_status":"closed","template":"","meta":{"footnotes":""},"class_list":["post-35","page","type-page","status-publish"],"yoast_head":"<!-- This site is optimized with the Yoast SEO plugin v22.2 - https:\/\/yoast.com\/wordpress\/plugins\/seo\/ -->\n<title>Lenses Films | TOP1 Film \u015blubny | Kamerzysta na wesele<\/title>\n<meta name=\"description\" content=\"Tworzymy filmy \u015blubne, w kt\u00f3rych spotykaj\u0105 si\u0119 elegancja, klasyka i naturalno\u015b\u0107. Nasze filmy zachwycaj\u0105 dzi\u015b, a ich pi\u0119kno przetrwa dekady.\" \/>\n<meta name=\"robots\" content=\"index, follow, max-snippet:-1, max-image-preview:large, max-video-preview:-1\" \/>\n<link rel=\"canonical\" href=\"https:\/\/lensesfilms.com\/en\/\" \/>\n<meta property=\"og:locale\" content=\"en_GB\" \/>\n<meta property=\"og:type\" content=\"article\" \/>\n<meta property=\"og:title\" content=\"Lenses Films | TOP1 Film \u015blubny\" \/>\n<meta property=\"og:description\" content=\"Tworzymy filmy \u015blubne pe\u0142ne dobrego smaku, przepe\u0142nione emocjami i mi\u0142o\u015bci\u0105.\" \/>\n<meta property=\"og:url\" content=\"https:\/\/lensesfilms.com\/en\/\" \/>\n<meta property=\"og:site_name\" content=\"Lenses Films\" \/>\n<meta property=\"article:modified_time\" content=\"2026-01-15T19:08:14+00:00\" \/>\n<meta property=\"og:image\" content=\"https:\/\/lensesfilms.com\/wp-content\/uploads\/2024\/11\/yt-4.jpg\" \/>\n\t<meta property=\"og:image:width\" content=\"1920\" \/>\n\t<meta property=\"og:image:height\" content=\"1080\" \/>\n\t<meta property=\"og:image:type\" content=\"image\/jpeg\" \/>\n<meta name=\"twitter:card\" content=\"summary_large_image\" \/>\n<meta name=\"twitter:label1\" content=\"Estimated reading time\" \/>\n\t<meta name=\"twitter:data1\" content=\"5 minutes\" \/>\n<script type=\"application\/ld+json\" class=\"yoast-schema-graph\">{\"@context\":\"https:\/\/schema.org\",\"@graph\":[{\"@type\":\"WebPage\",\"@id\":\"https:\/\/lensesfilms.com\/\",\"url\":\"https:\/\/lensesfilms.com\/\",\"name\":\"Lenses Films | TOP1 Film \u015blubny | Kamerzysta na wesele\",\"isPartOf\":{\"@id\":\"https:\/\/lensesfilms.com\/#website\"},\"datePublished\":\"2023-02-27T15:17:13+00:00\",\"dateModified\":\"2026-01-15T19:08:14+00:00\",\"description\":\"Tworzymy filmy \u015blubne, w kt\u00f3rych spotykaj\u0105 si\u0119 elegancja, klasyka i naturalno\u015b\u0107. Nasze filmy zachwycaj\u0105 dzi\u015b, a ich pi\u0119kno przetrwa dekady.\",\"breadcrumb\":{\"@id\":\"https:\/\/lensesfilms.com\/#breadcrumb\"},\"inLanguage\":\"en-GB\",\"potentialAction\":[{\"@type\":\"ReadAction\",\"target\":[\"https:\/\/lensesfilms.com\/\"]}]},{\"@type\":\"BreadcrumbList\",\"@id\":\"https:\/\/lensesfilms.com\/#breadcrumb\",\"itemListElement\":[{\"@type\":\"ListItem\",\"position\":1,\"name\":\"Strona g\u0142\u00f3wna\",\"item\":\"https:\/\/lensesfilms.com\/\"},{\"@type\":\"ListItem\",\"position\":2,\"name\":\"Lenses Films\"}]},{\"@type\":\"WebSite\",\"@id\":\"https:\/\/lensesfilms.com\/#website\",\"url\":\"https:\/\/lensesfilms.com\/\",\"name\":\"Lenses Films\",\"description\":\"film \u015blubny\",\"potentialAction\":[{\"@type\":\"SearchAction\",\"target\":{\"@type\":\"EntryPoint\",\"urlTemplate\":\"https:\/\/lensesfilms.com\/?s={search_term_string}\"},\"query-input\":\"required name=search_term_string\"}],\"inLanguage\":\"en-GB\"}]}<\/script>\n<!-- \/ Yoast SEO plugin. -->","yoast_head_json":{"title":"Lenses Films | TOP1 Film \u015blubny | Kamerzysta na wesele","description":"Tworzymy filmy \u015blubne, w kt\u00f3rych spotykaj\u0105 si\u0119 elegancja, klasyka i naturalno\u015b\u0107. Nasze filmy zachwycaj\u0105 dzi\u015b, a ich pi\u0119kno przetrwa dekady.","robots":{"index":"index","follow":"follow","max-snippet":"max-snippet:-1","max-image-preview":"max-image-preview:large","max-video-preview":"max-video-preview:-1"},"canonical":"https:\/\/lensesfilms.com\/en\/","og_locale":"en_GB","og_type":"article","og_title":"Lenses Films | TOP1 Film \u015blubny","og_description":"Tworzymy filmy \u015blubne pe\u0142ne dobrego smaku, przepe\u0142nione emocjami i mi\u0142o\u015bci\u0105.","og_url":"https:\/\/lensesfilms.com\/en\/","og_site_name":"Lenses Films","article_modified_time":"2026-01-15T19:08:14+00:00","og_image":[{"width":1920,"height":1080,"url":"https:\/\/lensesfilms.com\/wp-content\/uploads\/2024\/11\/yt-4.jpg","type":"image\/jpeg"}],"twitter_card":"summary_large_image","twitter_misc":{"Estimated reading time":"5 minutes"},"schema":{"@context":"https:\/\/schema.org","@graph":[{"@type":"WebPage","@id":"https:\/\/lensesfilms.com\/","url":"https:\/\/lensesfilms.com\/","name":"Lenses Films | TOP1 Film \u015blubny | Kamerzysta na wesele","isPartOf":{"@id":"https:\/\/lensesfilms.com\/#website"},"datePublished":"2023-02-27T15:17:13+00:00","dateModified":"2026-01-15T19:08:14+00:00","description":"Tworzymy filmy \u015blubne, w kt\u00f3rych spotykaj\u0105 si\u0119 elegancja, klasyka i naturalno\u015b\u0107. Nasze filmy zachwycaj\u0105 dzi\u015b, a ich pi\u0119kno przetrwa dekady.","breadcrumb":{"@id":"https:\/\/lensesfilms.com\/#breadcrumb"},"inLanguage":"en-GB","potentialAction":[{"@type":"ReadAction","target":["https:\/\/lensesfilms.com\/"]}]},{"@type":"BreadcrumbList","@id":"https:\/\/lensesfilms.com\/#breadcrumb","itemListElement":[{"@type":"ListItem","position":1,"name":"Strona g\u0142\u00f3wna","item":"https:\/\/lensesfilms.com\/"},{"@type":"ListItem","position":2,"name":"Lenses Films"}]},{"@type":"WebSite","@id":"https:\/\/lensesfilms.com\/#website","url":"https:\/\/lensesfilms.com\/","name":"Lenses Films","description":"film \u015blubny","potentialAction":[{"@type":"SearchAction","target":{"@type":"EntryPoint","urlTemplate":"https:\/\/lensesfilms.com\/?s={search_term_string}"},"query-input":"required name=search_term_string"}],"inLanguage":"en-GB"}]}},"_links":{"self":[{"href":"https:\/\/lensesfilms.com\/en\/wp-json\/wp\/v2\/pages\/35","targetHints":{"allow":["GET"]}}],"collection":[{"href":"https:\/\/lensesfilms.com\/en\/wp-json\/wp\/v2\/pages"}],"about":[{"href":"https:\/\/lensesfilms.com\/en\/wp-json\/wp\/v2\/types\/page"}],"author":[{"embeddable":true,"href":"https:\/\/lensesfilms.com\/en\/wp-json\/wp\/v2\/users\/1"}],"replies":[{"embeddable":true,"href":"https:\/\/lensesfilms.com\/en\/wp-json\/wp\/v2\/comments?post=35"}],"version-history":[{"count":168,"href":"https:\/\/lensesfilms.com\/en\/wp-json\/wp\/v2\/pages\/35\/revisions"}],"predecessor-version":[{"id":2225,"href":"https:\/\/lensesfilms.com\/en\/wp-json\/wp\/v2\/pages\/35\/revisions\/2225"}],"wp:attachment":[{"href":"https:\/\/lensesfilms.com\/en\/wp-json\/wp\/v2\/media?parent=35"}],"curies":[{"name":"wp","href":"https:\/\/api.w.org\/{rel}","templated":true}]}}